{"id":4907,"date":"2021-02-20T12:20:35","date_gmt":"2021-02-20T12:20:35","guid":{"rendered":"https:\/\/www.juridconsult.nl\/apostille-bosnie-herzegovina\/"},"modified":"2022-12-12T12:48:18","modified_gmt":"2022-12-12T12:48:18","slug":"apostille-bosnie-herzegovina","status":"publish","type":"page","link":"https:\/\/www.juridconsult.nl\/nl\/apostille-bosnie-herzegovina\/","title":{"rendered":"Apostille &#8211; Bosni\u00eb-Herzegovina"},"content":{"rendered":"<h1>Apostille &#8211; Bosni\u00eb-Herzegovina<\/h1>\n<p>JuridConsult biedt legalisatiediensten voor de Nederlandse documenten zodat deze vertaling in Bosni\u00eb-Herzegovina kan worden gebruikt.<\/p>\n<p>Bosni\u00eb-Herzegovina is lid van het Apostilleverdrag.<\/p>\n<p><strong><em>Verwerkingstijd:\u00a0<\/em><\/strong><\/p>\n<p>1 werkdag<\/p>\n<p><strong><em>Tarieven van de Rechtbank:<\/em><\/strong><\/p>\n<p>Tarief per document: EUR 21,00<\/p>\n<p><strong><em>Voorwaarden:<\/em><\/strong><\/p>\n<p>Origineel document.<\/p>\n<p><strong><em>Let op:<\/em><\/strong><\/p>\n<ul>\n<li>Apostille kan worden gezet in de volgende talen: Engels, Nederlands, Duits, Frans, Italiaans, Spaans;<\/li>\n<li>JuridConsult zorgt ervoor dat er snel een \u0410postillestempel op uw document wordt geplaatst.<\/li>\n<\/ul>\n<p><!--more--><\/p>\n<p>Voor verdere vragen kunt u contact met ons opnemen via\u00a0<a href=\"https:\/\/www.juridconsult.nl\/kontakty\/\">info@juridconsult.nl<\/a> of telefonisch <a href=\"about:blank\">+31(0) 626 52 3008<\/a>.<\/p>\n","protected":false},"excerpt":{"rendered":"<p>Apostille &#8211; Bosni\u00eb-Herzegovina JuridConsult biedt legalisatiediensten voor de Nederlandse documenten zodat deze vertaling in Bosni\u00eb-Herzegovina kan worden gebruikt. Bosni\u00eb-Herzegovina is lid van het Apostilleverdrag. Verwerkingstijd:\u00a0 1 werkdag Tarieven van de Rechtbank: Tarief per document: EUR 21,00 Voorwaarden: Origineel document. Let op: Apostille kan worden gezet in de volgende talen: Engels, Nederlands, Duits, Frans, Italiaans, Spaans; [&hellip;]<\/p>\n","protected":false},"author":1,"featured_media":0,"parent":0,"menu_order":0,"comment_status":"open","ping_status":"open","template":"elementor_theme","meta":{"_monsterinsights_skip_tracking":false,"_monsterinsights_sitenote_active":false,"_monsterinsights_sitenote_note":"","_monsterinsights_sitenote_category":0,"footnotes":""},"class_list":["post-4907","page","type-page","status-publish","hentry"],"_links":{"self":[{"href":"https:\/\/www.juridconsult.nl\/nl\/wp-json\/wp\/v2\/pages\/4907","targetHints":{"allow":["GET"]}}],"collection":[{"href":"https:\/\/www.juridconsult.nl\/nl\/wp-json\/wp\/v2\/pages"}],"about":[{"href":"https:\/\/www.juridconsult.nl\/nl\/wp-json\/wp\/v2\/types\/page"}],"author":[{"embeddable":true,"href":"https:\/\/www.juridconsult.nl\/nl\/wp-json\/wp\/v2\/users\/1"}],"replies":[{"embeddable":true,"href":"https:\/\/www.juridconsult.nl\/nl\/wp-json\/wp\/v2\/comments?post=4907"}],"version-history":[{"count":0,"href":"https:\/\/www.juridconsult.nl\/nl\/wp-json\/wp\/v2\/pages\/4907\/revisions"}],"wp:attachment":[{"href":"https:\/\/www.juridconsult.nl\/nl\/wp-json\/wp\/v2\/media?parent=4907"}],"curies":[{"name":"wp","href":"https:\/\/api.w.org\/{rel}","templated":true}]}}